{"id":1747,"date":"2018-07-10T17:35:01","date_gmt":"2018-07-10T17:35:01","guid":{"rendered":"http:\/\/www.balegia.com\/en\/?page_id=1747"},"modified":"2021-11-15T14:32:30","modified_gmt":"2021-11-15T14:32:30","slug":"data-protection","status":"publish","type":"page","link":"https:\/\/www.balegia.com\/en\/data-protection\/","title":{"rendered":"data protection"},"content":{"rendered":"<div id=\"cs-content\" class=\"cs-content\"  ><div id=\"x-section-1\" class=\"x-section\" style=\"margin: 0px;padding: 45px 0px; background-color: transparent;\"  ><div class=\"x-container HeadingLeavesText max width\" style=\"margin: 0px auto;padding: 0px 10%;margin: 0 !important;max-width: none;\"  ><div  class=\"x-column x-sm cs-ta-center x-1-1\" style=\"padding: 0px;\" ><hr  class=\"x-gap\" style=\"margin: 200px 0 0 0;\"><h1  class=\"h-custom-headline h1\" ><span>Data Protection<\/span><\/h1><div class=\"x-text cs-ta-left\"  ><h4>Balegia Alpine Luxury Resort<\/h4>\n<h5>General<\/h5>\n<p><span id=\"result_box\" class=\"\" lang=\"en\"><span title=\"Mit den nachfolgenden Informationen m\u00f6chten wir Ihnen einen \u00dcberblick \u00fcber die Verarbeitung Ihrer personenbezogenen Daten im Zusammenhang mit der Nutzung unserer Webseite oder einem Aufenthalt in unserem Luxus Chalet geben und Sie \u00fcber Ihre Rechte nach der Datenschutzgrundverordnung (DSGVO) informieren. \">With the following information we would like to give you an overview of the processing of your personal data in connection with the use of our website or a stay in our luxury chalet and inform you about your rights under the General Data Protection Regulation (DSGVO).<br \/>\n<\/span><span title=\"Wir nehmen den Schutz der pers\u00f6nlichen Daten unserer G\u00e4ste sehr ernst und halten uns strikt an die Regeln der Datenschutzgrundverordnung (DSGVO).\">We take the protection of the personal data of our guests very seriously and adhere strictly to the rules of the General Data Protection Regulation (DSGVO). <\/span><span title=\"Ebenso werden die erhobenen Daten durch technische und organisatorische Ma\u00dfnahmen in unserer IT-Sicherheitspolitik nach besten M\u00f6glichkeiten gesch\u00fctzt.\">Likewise, the collected data are protected to the best of our ability through technical and organizational measures in our IT security policy. <\/span><span title=\"Diese Erkl\u00e4rung soll Ihnen einen \u00dcberblick dar\u00fcber geben, wie wir diesen Schutz gew\u00e4hrleisten und welche Art von Daten zu welchem Zweck erhoben werden. \">This statement is intended to give you an overview of how we ensure this protection and what type of data is collected for what purpose.<br \/>\n<\/span><span title=\"Rechtliche Grundlage f\u00fcr die Datenverarbeitung \">Legal basis for data processing<br \/>\n<\/span><span title=\"Rechtsgrundlage f\u00fcr die vor\u00fcbergehende Speicherung der Daten und der Logfiles ist Art. 6 Abs. 1 lit.\">The legal basis for the temporary storage of data and log files is Art. 6 para. 1 lit. <\/span><span title=\"f DSGVO.\">f DSGVO. <\/span><span title=\"Die Speicherung in Logfiles erfolgt, um die Funktionsf\u00e4higkeit der Website sicherzustellen.\">Storage in log files is done to ensure the functionality of the website. <\/span><span title=\"Zudem dienen uns die Daten zur Optimierung der Website und zur Sicherstellung der Sicherheit unserer informationstechnischen Systeme.\">In addition, the data is used to optimize the website and to ensure the security of our information technology systems. <\/span><span title=\"Eine Auswertung der Daten zu Marketingzwecken findet in diesem Zusammenhang nicht statt. \">An evaluation of the data for marketing purposes does not take place in this context.<br \/>\n<\/span><span title=\"Im Falle der Speicherung der Daten in Logfiles ist dies nach sp\u00e4testens sieben Tagen der Fall.\">In the case of storing the data in log files, this is the case after no more than seven days. <\/span><span title=\"Eine dar\u00fcberhinausgehende Speicherung ist m\u00f6glich.\">An additional storage is possible. <\/span><span title=\"In diesem Fall werden die IP-Adressen der Nutzer gel\u00f6scht oder verfremdet, sodass eine Zuordnung des aufrufenden Clients nicht mehr m\u00f6glich ist.\">In this case, the IP addresses of the users are deleted or alienated, so that an assignment of the calling client is no longer possible. <\/span><span title=\"Die Erfassung der Daten zur Bereitstellung der Website und die Speicherung der Daten in Logfiles ist f\u00fcr den Betrieb der Internetseite zwingend erforderlich.\">The collection of data for the provision of the website and the storage of the data in log files is essential for the operation of the website. <\/span><span title=\"Es besteht folglich seitens des Nutzers keine Widerspruchsm\u00f6glichkeit.\">There is consequently no contradiction on the part of the user.<\/span><\/span><\/p>\n<h5>Use of cookies<\/h5>\n<p><span id=\"result_box\" class=\"\" lang=\"en\" tabindex=\"-1\"><span title=\"Unsere Webseite verwendet Cookies.\">Our website uses cookies. <\/span><span title=\"Bei Cookies handelt es sich um Textdateien, die im Internetbrowser bzw. vom Internetbrowser auf dem Computersystem des Nutzers gespeichert werden.\">Cookies are text files that are stored in the Internet browser or the Internet browser on the user&#8217;s computer system. <\/span><span title=\"Ruft ein Nutzer eine Website auf, so kann ein Cookie auf dem Betriebssystem des Nutzers gespeichert werden.\">When a user visits a website, a cookie may be stored on the user&#8217;s operating system. <\/span><span title=\"Dieser Cookie enth\u00e4lt eine charakteristische Zeichenfolge, die eine eindeutige Identifizierung des Browsers beim erneuten Aufrufen der Website erm\u00f6glicht. \">This cookie contains a characteristic string that allows the browser to be uniquely identified when the website is reopened.<\/span><\/span><\/p>\n<p><span title=\"Wir setzen Cookies ein, um unsere Website nutzerfreundlicher zu gestalten.\">We use cookies to make our website more user-friendly. <\/span><span title=\"Einige Elemente unserer Internetseite erfordern es, dass der aufrufende Browser auch nach einem Seitenwechsel identifiziert werden kann. \">Some elements of our website require that the calling browser be identified even after a page break.<br \/>\n<\/span><span title=\"Cookies werden auf dem Rechner des Nutzers gespeichert und von diesem an unserer Seite \u00fcbermittelt.\">Cookies are stored on the computer of the user and transmitted by this on our side. <\/span><span title=\"Daher haben Sie als Nutzer auch die volle Kontrolle \u00fcber die Verwendung von Cookies.\">Therefore, as a user, you have full control over the use of cookies. <\/span><span title=\"Durch eine \u00c4nderung der Einstellungen in Ihrem Internetbrowser k\u00f6nnen Sie die \u00dcbertragung von Cookies deaktivieren oder einschr\u00e4nken.\">By changing the settings in your internet browser, you can disable or restrict the transmission of cookies. <\/span><span title=\"Bereits gespeicherte Cookies k\u00f6nnen jederzeit gel\u00f6scht werden.\">Already saved cookies can be deleted at any time. <\/span><span title=\"Dies kann auch automatisiert erfolgen.\">This can also be done automatically. <\/span><span title=\"Werden Cookies f\u00fcr unsere Website deaktiviert, k\u00f6nnen m\u00f6glicherweise nicht mehr alle Funktionen der Website vollumf\u00e4nglich genutzt werden. \">If cookies are disabled for our website, it may not be possible to use all the functions of the website to the full.<\/span><\/p>\n<p><span title=\"Weitere Informationen \u00fcber Cookies, \u00e4hnliche Technologie und deren Funktionsweise erhalten Sie unter\">For more information about cookies, related technology and how it works, please visit: <\/span><a href=\"https:\/\/www.allaboutcookies.org\/\" target=\"_blank\" rel=\"noopener noreferrer\">allaboutcookies.org<\/a>.<\/p>\n<h5>Social networks<\/h5>\n<p><span id=\"result_box\" class=\"\" lang=\"en\" tabindex=\"-1\"><span title=\"Unsere Websites k\u00f6nnen ebenfalls Plug-Ins und andere Funktionen enthalten, die soziale Netzwerke von Dritten in unsere Websites integrieren.\">Our websites may also contain plug-ins and other features that integrate third-party social networks into our websites. <\/span><span title=\"Sie k\u00f6nnen diese manuell aktivieren.\">You can activate these manually. <\/span><span title=\"Falls Sie dies tun, k\u00f6nnen Dritte, die diese Plattformen betreiben, Sie identifizieren und m\u00f6glicherweise ermitteln, wie Sie diese Website nutzen, woraufhin sie diese Informationen speichern und mit Ihrem Profil in einem sozialen Netzwerk verkn\u00fcpfen k\u00f6nnen.\">If you do so, third parties who operate these platforms may identify you and possibly determine how you use this website, and then you will be able to save that information and associate it with your profile on a social network. <\/span><span title=\"Bitte lesen Sie sich die Datenschutzrichtlinien dieser sozialen Netzwerke genau durch, um zu verstehen, wie mit Ihren pers\u00f6nlichen Daten umgegangen wird.\">Please read the privacy policies of these social networks carefully to understand how your personal information is handled. <\/span><span title=\"Wenn Sie diese Plug-Ins und andere Funktionen aktivieren, so geschieht dies auf Ihr eigenes Risiko hin. \">Enabling these plug-ins and other features will do so at your own risk.<\/span><\/span><\/p>\n<p><span title=\"Ist der Besucher zugleich bei Facebook als Nutzer registriert und eingeloggt, werden dar\u00fcber hinaus weitere Informationen von Facebook gespeichert.\">If the visitor is also registered and logged in to Facebook as a user, further information from Facebook is also stored. <\/span><span title=\"Facebook erh\u00e4lt aus technischen Gr\u00fcnden Ihre IP-Adresse.\">For technical reasons, Facebook receives your IP address. <\/span><span title=\"Auf die Verwendung dieser Daten durch Facebook haben wir keinen Einfluss.\">We have no influence on the use of this data by Facebook. <\/span><span title=\"Wir verweisen diesbez\u00fcglich auf die Datenschutzerkl\u00e4rungen von Facebook, insbesondere die unter folgendem Link abrufbaren Informationen: https:\/\/www.facebook.com\/help\/568137493302217.\">We refer in this regard to the privacy statements of Facebook, in particular the information available at the following link: https:\/\/www.facebook.com\/help\/568137493302217. <\/span><span title=\"Sie erhalten dort auch Informationen, wie Sie mit Ihrem Browser Facebook Social Plug-Ins blockieren k\u00f6nnen.\">It also gives you information on how to use your browser to block Facebook social plug-ins.<\/span><\/p>\n<p>&nbsp;<\/p>\n<h5>Newsletter<\/h5>\n<p><span id=\"result_box\" class=\"\" lang=\"en\" tabindex=\"-1\"><span class=\"\">On our website you can subscribe to a free newsletter.<\/span> <span class=\"\">The data from the input mask are transmitted to us when registering for the newsletter.<\/span><br \/>\n<span class=\"\">In addition, the following data is collected upon registration:<\/span><br \/>\n<strong><span class=\"\">\u2022 Salutation<\/span><\/strong><br \/>\n<strong><span class=\"\">\u2022 First and Last Name<\/span><\/strong><br \/>\n<strong><span class=\"\">\u2022 E-mail address<\/span><\/strong><br \/>\n<span class=\"\"><strong>The legal basis<\/strong> for the processing of the data after the user has registered for the newsletter is the consent of the user Art. 6 para. 1 lit.<\/span> a GDPR.<br \/>\n<span class=\"\">The data will be deleted as soon as it is no longer necessary for the purpose of its collection.<\/span> <span class=\"\">The e-mail address of the user is therefore stored as long as the subscription to the newsletter is active.<\/span><br \/>\n<span class=\"\">Subscription to the newsletter may be terminated at any time by the user concerned.<\/span> <span class=\"\">For this purpose, there is a corresponding link in each newsletter.<\/span><\/span><\/p>\n<h5>Contact form<\/h5>\n<p><span id=\"result_box\" class=\"\" lang=\"en\" tabindex=\"-1\"><span title=\"Auf unserer Internetseite ist ein Kontaktformular vorhanden, welches f\u00fcr die elektronische Kontaktaufnahme genutzt werden kann.\">On our website is a contact form available, which can be used for electronic contact. <\/span><span title=\"Nimmt ein Nutzer diese M\u00f6glichkeit wahr, so werden die in der Eingabemaske eingegeben Daten an uns \u00fcbermittelt und gespeichert.\">If a user realizes this option, the data entered in the input mask will be transmitted to us and saved. <\/span><span title=\"Diese Daten sind: \">These data are:<br \/>\n<\/span><span title=\"Im Zeitpunkt der Absendung der Nachricht werden zudem folgende Daten gespeichert: \">At the time of sending the message, the following data is also stored:<br \/>\n<\/span><span title=\"\u2022 IP-Adresse des Nutzers \">\u2022 IP address of the user<br \/>\n<\/span><span title=\"\u2022 Datum und Uhrzeit der Registrierung \">\u2022 Date and time of registration<br \/>\n<\/span><span title=\"F\u00fcr die Verarbeitung der Daten wird im Rahmen des Absende Vorgangs Ihre Einwilligung eingeholt und auf diese Datenschutzerkl\u00e4rung verwiesen. \">For the processing of the data, your consent is obtained during the submission process and reference is made to this privacy policy.<br \/>\n<\/span><span title=\"Alternativ ist eine Kontaktaufnahme \u00fcber die bereitgestellte E-Mail-Adresse m\u00f6glich.\">Alternatively, contact via the provided e-mail address is possible. <\/span><span title=\"In diesem Fall werden die mit der E-Mail \u00fcbermittelten personenbezogenen Daten des Nutzers gespeichert.\">In this case, the user&#8217;s personal data transmitted by e-mail will be stored. <\/span><span title=\"Es erfolgt in diesem Zusammenhang keine Weitergabe der Daten an Dritte.\">In this context, there is no disclosure of the data to third parties. <\/span><span title=\"Die Daten werden ausschlie\u00dflich f\u00fcr die Verarbeitung der Konversation verwendet. \">The data is used exclusively for processing the conversation.<br \/>\n<\/span><span title=\"Rechtsgrundlage f\u00fcr die Verarbeitung der Daten ist bei Vorliegen einer Einwilligung des Nutzers Art. 6 Abs. 1 lit.\">Legal basis for the processing of the data is in the presence of the consent of the user Art. 6 para. 1 lit. <\/span><span title=\"a DSGVO. \">a GDPR.<br \/>\n<\/span><span title=\"Rechtsgrundlage f\u00fcr die Verarbeitung der Daten, die im Zuge einer \u00dcbersendung einer E-Mail \u00fcbermittelt werden, ist Art. 6 Abs. 1 lit.\">The legal basis for the processing of the data transmitted in the course of sending an e-mail is Article 6 (1) lit. <\/span><span title=\"f DSGVO.\">f DSGVO. <\/span><span title=\"Zielt der E-Mail-Kontakt auf den Abschluss eines Vertrages ab, so ist zus\u00e4tzliche Rechtsgrundlage f\u00fcr die Verarbeitung Art. 6 Abs. 1 lit.\">If the e-mail contact aims to conclude a contract, then additional legal basis for the processing is Art. 6 para. 1 lit. <\/span><span title=\"b DSGVO. \">b DSGVO.<br \/>\n<\/span><span title=\"Die Verarbeitung der personenbezogenen Daten aus der Eingabemaske dient uns allein zur Bearbeitung der Kontaktaufnahme.\">The processing of the personal data from the input mask serves us only to process the contact. <\/span><span title=\"Im Falle einer Kontaktaufnahme per E-Mail liegt hieran auch das erforderliche berechtigte Interesse an der Verarbeitung der Daten. \">In the case of contact via e-mail, this also includes the required legitimate interest in the processing of the data.<br \/>\n<\/span><span title=\"Die sonstigen w\u00e4hrend des Absende Vorgangs verarbeiteten personenbezogenen Daten dienen dazu, einen Missbrauch des Kontaktformulars zu verhindern und die Sicherheit unserer informationstechnischen Systeme sicherzustellen. \">The other personal data processed during the submission process serve to prevent misuse of the contact form and to ensure the security of our information technology systems.<br \/>\n<\/span><span title=\"Die Daten werden gel\u00f6scht, sobald sie f\u00fcr die Erreichung des Zweckes ihrer Erhebung nicht mehr erforderlich sind.\">The data will be deleted as soon as it is no longer necessary for the purpose of its collection. <\/span><span title=\"F\u00fcr die personenbezogenen Daten aus der Eingabemaske des Kontaktformulars und diejenigen, die per E-Mail \u00fcbersandt wurden, ist dies dann der Fall, wenn die jeweilige Konversation mit dem Nutzer beendet ist.\">For the personal data from the input form of the contact form and those sent by e-mail, this is the case when the respective conversation with the user has ended. <\/span><span title=\"Beendet ist die Konversation dann, wenn sich aus den Umst\u00e4nden entnehmen l\u00e4sst, dass der betroffene Sachverhalt abschlie\u00dfend gekl\u00e4rt ist. \">The conversation is ended when it can be inferred from the circumstances that the relevant facts have been finally clarified.<br \/>\n<\/span><span title=\"Die w\u00e4hrend des Absendevorgangs zus\u00e4tzlich erhobenen personenbezogenen Daten werden sp\u00e4testens nach einer Frist von sieben Tagen gel\u00f6scht.\">The additional personal data collected during the sending process will be deleted at the latest after a period of seven days.<\/span><\/span><\/p>\n<h5><span id=\"result_box\" class=\"short_text\" lang=\"en\" tabindex=\"-1\"><span class=\"\">Opposition and cancellation options<\/span><\/span><\/h5>\n<p><span id=\"result_box\" class=\"\" lang=\"en\" tabindex=\"-1\">You can request information about your personal data stored by us free of charge at any time. As a data subject, you also have the right to revocation, information, deletion, rectification, restriction and transfer of your personal data, insofar as there is no legal duty of retention on our part.<\/span><\/p>\n<p>For more information on your rights as a victim, please contact us at Alexander Braun Dorf 421, 6764 Lech, office@balegia.com. For complaints, the Austrian Data Protection Authority (DSB), Wickenburggasse 8-10, 1080 Vienna, is the supervisory authority.<\/p>\n<p><a href=\"javascript:gaoo_handle_optout();\" id=\"gaoo-link\" class=\"gaoo-link-deactivate\">Disallow Google Analytics to track me<\/a><\/p>\n<\/div><\/div><\/div><\/div><\/div>\n","protected":false},"excerpt":{"rendered":"","protected":false},"author":1,"featured_media":0,"parent":0,"menu_order":0,"comment_status":"closed","ping_status":"open","template":"template-blank-4.php","meta":[],"yoast_head":"<!-- This site is optimized with the Yoast SEO plugin v17.5 - https:\/\/yoast.com\/wordpress\/plugins\/seo\/ -->\n<title>Privacy policy at the Balegia in Lech am Arlberg<\/title>\n<meta name=\"description\" content=\"All information on the use of cookies, Google Analytics, remarketing and other data protection topics at a glance.\" \/>\n<meta name=\"robots\" content=\"index, follow, max-snippet:-1, max-image-preview:large, max-video-preview:-1\" \/>\n<link rel=\"canonical\" href=\"https:\/\/www.balegia.com\/en\/data-protection\/\" \/>\n<meta property=\"og:locale\" content=\"en_US\" \/>\n<meta property=\"og:type\" content=\"article\" \/>\n<meta property=\"og:title\" content=\"Privacy policy at the Balegia in Lech am Arlberg\" \/>\n<meta property=\"og:description\" content=\"All information on the use of cookies, Google Analytics, remarketing and other data protection topics at a glance.\" \/>\n<meta property=\"og:url\" content=\"https:\/\/www.balegia.com\/en\/data-protection\/\" \/>\n<meta property=\"og:site_name\" content=\"Balegia\" \/>\n<meta property=\"article:modified_time\" content=\"2021-11-15T14:32:30+00:00\" \/>\n<meta name=\"twitter:card\" content=\"summary_large_image\" \/>\n<meta name=\"twitter:label1\" content=\"Est. reading time\" \/>\n\t<meta name=\"twitter:data1\" content=\"7 minutes\" \/>\n<script type=\"application\/ld+json\" class=\"yoast-schema-graph\">{\"@context\":\"https:\/\/schema.org\",\"@graph\":[{\"@type\":\"WebSite\",\"@id\":\"https:\/\/www.balegia.com\/en\/#website\",\"url\":\"https:\/\/www.balegia.com\/en\/\",\"name\":\"Balegia\",\"description\":\"Alpine Luxury Resort\",\"potentialAction\":[{\"@type\":\"SearchAction\",\"target\":{\"@type\":\"EntryPoint\",\"urlTemplate\":\"https:\/\/www.balegia.com\/en\/?s={search_term_string}\"},\"query-input\":\"required name=search_term_string\"}],\"inLanguage\":\"en-US\"},{\"@type\":\"WebPage\",\"@id\":\"https:\/\/www.balegia.com\/en\/data-protection\/#webpage\",\"url\":\"https:\/\/www.balegia.com\/en\/data-protection\/\",\"name\":\"Privacy policy at the Balegia in Lech am Arlberg\",\"isPartOf\":{\"@id\":\"https:\/\/www.balegia.com\/en\/#website\"},\"datePublished\":\"2018-07-10T17:35:01+00:00\",\"dateModified\":\"2021-11-15T14:32:30+00:00\",\"description\":\"All information on the use of cookies, Google Analytics, remarketing and other data protection topics at a glance.\",\"breadcrumb\":{\"@id\":\"https:\/\/www.balegia.com\/en\/data-protection\/#breadcrumb\"},\"inLanguage\":\"en-US\",\"potentialAction\":[{\"@type\":\"ReadAction\",\"target\":[\"https:\/\/www.balegia.com\/en\/data-protection\/\"]}]},{\"@type\":\"BreadcrumbList\",\"@id\":\"https:\/\/www.balegia.com\/en\/data-protection\/#breadcrumb\",\"itemListElement\":[{\"@type\":\"ListItem\",\"position\":1,\"name\":\"Home\",\"item\":\"https:\/\/www.balegia.com\/en\/\"},{\"@type\":\"ListItem\",\"position\":2,\"name\":\"data protection\"}]}]}<\/script>\n<!-- \/ Yoast SEO plugin. -->","yoast_head_json":{"title":"Privacy policy at the Balegia in Lech am Arlberg","description":"All information on the use of cookies, Google Analytics, remarketing and other data protection topics at a glance.","robots":{"index":"index","follow":"follow","max-snippet":"max-snippet:-1","max-image-preview":"max-image-preview:large","max-video-preview":"max-video-preview:-1"},"canonical":"https:\/\/www.balegia.com\/en\/data-protection\/","og_locale":"en_US","og_type":"article","og_title":"Privacy policy at the Balegia in Lech am Arlberg","og_description":"All information on the use of cookies, Google Analytics, remarketing and other data protection topics at a glance.","og_url":"https:\/\/www.balegia.com\/en\/data-protection\/","og_site_name":"Balegia","article_modified_time":"2021-11-15T14:32:30+00:00","twitter_card":"summary_large_image","twitter_misc":{"Est. reading time":"7 minutes"},"schema":{"@context":"https:\/\/schema.org","@graph":[{"@type":"WebSite","@id":"https:\/\/www.balegia.com\/en\/#website","url":"https:\/\/www.balegia.com\/en\/","name":"Balegia","description":"Alpine Luxury Resort","potentialAction":[{"@type":"SearchAction","target":{"@type":"EntryPoint","urlTemplate":"https:\/\/www.balegia.com\/en\/?s={search_term_string}"},"query-input":"required name=search_term_string"}],"inLanguage":"en-US"},{"@type":"WebPage","@id":"https:\/\/www.balegia.com\/en\/data-protection\/#webpage","url":"https:\/\/www.balegia.com\/en\/data-protection\/","name":"Privacy policy at the Balegia in Lech am Arlberg","isPartOf":{"@id":"https:\/\/www.balegia.com\/en\/#website"},"datePublished":"2018-07-10T17:35:01+00:00","dateModified":"2021-11-15T14:32:30+00:00","description":"All information on the use of cookies, Google Analytics, remarketing and other data protection topics at a glance.","breadcrumb":{"@id":"https:\/\/www.balegia.com\/en\/data-protection\/#breadcrumb"},"inLanguage":"en-US","potentialAction":[{"@type":"ReadAction","target":["https:\/\/www.balegia.com\/en\/data-protection\/"]}]},{"@type":"BreadcrumbList","@id":"https:\/\/www.balegia.com\/en\/data-protection\/#breadcrumb","itemListElement":[{"@type":"ListItem","position":1,"name":"Home","item":"https:\/\/www.balegia.com\/en\/"},{"@type":"ListItem","position":2,"name":"data protection"}]}]}},"_links":{"self":[{"href":"https:\/\/www.balegia.com\/en\/wp-json\/wp\/v2\/pages\/1747"}],"collection":[{"href":"https:\/\/www.balegia.com\/en\/wp-json\/wp\/v2\/pages"}],"about":[{"href":"https:\/\/www.balegia.com\/en\/wp-json\/wp\/v2\/types\/page"}],"author":[{"embeddable":true,"href":"https:\/\/www.balegia.com\/en\/wp-json\/wp\/v2\/users\/1"}],"replies":[{"embeddable":true,"href":"https:\/\/www.balegia.com\/en\/wp-json\/wp\/v2\/comments?post=1747"}],"version-history":[{"count":8,"href":"https:\/\/www.balegia.com\/en\/wp-json\/wp\/v2\/pages\/1747\/revisions"}],"predecessor-version":[{"id":1874,"href":"https:\/\/www.balegia.com\/en\/wp-json\/wp\/v2\/pages\/1747\/revisions\/1874"}],"wp:attachment":[{"href":"https:\/\/www.balegia.com\/en\/wp-json\/wp\/v2\/media?parent=1747"}],"curies":[{"name":"wp","href":"https:\/\/api.w.org\/{rel}","templated":true}]}}